{"id":7458,"date":"2020-08-31T15:57:14","date_gmt":"2020-08-31T15:57:14","guid":{"rendered":"http:\/\/52.28.66.54\/?page_id=7458"},"modified":"2023-01-15T23:06:38","modified_gmt":"2023-01-15T17:36:38","slug":"young-teams","status":"publish","type":"page","link":"http:\/\/43.205.116.61\/de\/young-teams\/","title":{"rendered":"Young Teams"},"content":{"rendered":"<p>[vc_row full_width=&#8221;stretch_row&#8221; full_height=&#8221;yes&#8221; kd_image_overlay_color=&#8221;rgba(0,0,0,0.65)&#8221; kd_fixed_background=&#8221;true&#8221; kd_image_overlay=&#8221;true&#8221; css=&#8221;.vc_custom_1600535248143{margin-right: 15px !important;padding-top: 200px !important;padding-bottom: 150px !important;background-image: url(https:\/\/reverate.tech\/wp-content\/uploads\/2023\/01\/young-teams.jpeg) !important;}&#8221;][vc_column width=&#8221;1\/2&#8243; offset=&#8221;vc_col-lg-6 vc_col-md-12&#8243;][vc_empty_space height=&#8221;50px&#8221;]<header class=\"kd-section-title col-lg-12 text-left  kd-animated fadeIn\" data-animation-delay=200><h2 class=\"separator_off\" style=\"color: #ffffff;font-size: 42px;\">Wir erwecken Ideen zum Leben.<\/h2><h6 class=\"subtitle translation-block\" style=\"color: #ffffff;\">Du hast eine Business Idee und suchst einen Partner, der dir bei der Entwicklung der Idee und der passenden Software Technologie unterst\u00fctzt?\n\nWir m\u00f6chten unsere Expertise und unser Wissen mit jungen Unternehmern teilen und sie dabei begleiten, ihren Traum Wirklichkeit werden zu lassen.<\/h6><\/header>[vc_empty_space height=&#8221;10px&#8221;]<a  href=\"http:\/\/43.205.116.61\/de\/contact-us\/\"  target=\"_self\"  title=\"Kontaktiere uns\" class=\"tt_button tt_primary_button btn_primary_color  pull-left button-action-link  kd-animated zoomIn\" data-animation-delay=200><span class=\"prim_text\">Kontaktiere uns<\/span><\/a>[\/vc_column][\/vc_row][vc_row css=&#8221;.vc_custom_1599422085751{padding-top: 70px !important;padding-bottom: 70px !important;}&#8221;][vc_column css=&#8221;.vc_custom_1598952927765{padding-right: 25px !important;}&#8221; offset=&#8221;vc_col-lg-12 vc_col-md-12 vc_col-xs-12&#8243;]<header class=\"kd-section-title col-lg-12 text-left\" ><h2 class=\"separator_off\" >Reverate unterst\u00fctzen jungen Unternehmer, ihre Vision Wirklichkeit werden zu lassen<\/h2><\/header>[vc_column_text]The world needs more people, who dare to go a different path than everyone else. Who dares to try something new. We support and advise you in different stages of your StartUp Journey.<\/p>\n<p>We strongly believe that it is more important than ever to support each other and work together. That\u00b4s why we want to offer our know-how, experience and skills to young entrepreneurs to support them on their journey. To fulfill their dreams and build or grow their own company.[\/vc_column_text]<a  href=\"http:\/\/43.205.116.61\/de\/contact-us\/\"  target=\"_self\"  title=\"Kontaktiere uns\" class=\"tt_button tt_primary_button btn_primary_color  pull-left button-action-link\" ><span class=\"prim_text\">Kontaktiere uns<\/span><\/a>[\/vc_column][\/vc_row][vc_row full_width=&#8221;stretch_row_content_no_spaces&#8221; css=&#8221;.vc_custom_1539594909573{background-color: #f5f5f5 !important;}&#8221;][vc_column css_animation=&#8221;fadeInLeft&#8221; width=&#8221;1\/2&#8243; css=&#8221;.vc_custom_1598957472443{padding-top: 0px !important;}&#8221; offset=&#8221;vc_col-lg-6 vc_col-md-12 vc_hidden-sm vc_hidden-xs&#8221;][vc_row_inner css=&#8221;.vc_custom_1600535375203{padding-top: 100px !important;padding-bottom: 100px !important;background-image: url(https:\/\/reverate.tech\/wp-content\/uploads\/2023\/01\/workshops.jpeg) !important;background-position: center !important;background-repeat: no-repeat !important;background-size: contain !important;}&#8221; el_class=&#8221;bgimagee&#8221;][vc_column_inner css=&#8221;.vc_custom_1511789291663{padding-top: 0px !important;padding-bottom: 0px !important;}&#8221;][vc_empty_space height=&#8221;200px&#8221;][\/vc_column_inner][\/vc_row_inner][\/vc_column][vc_column css_animation=&#8221;fadeInRight&#8221; width=&#8221;1\/2&#8243; offset=&#8221;vc_col-lg-6 vc_col-md-12 vc_hidden-sm vc_hidden-xs&#8221;][vc_row_inner css=&#8221;.vc_custom_1599422000519{padding-top: 75px !important;}&#8221;][vc_column_inner width=&#8221;1\/2&#8243; css=&#8221;.vc_custom_1522315135741{padding-bottom: 50px !important;}&#8221;]<header class=\"kd-section-title col-lg-12 text-left  kd-animated fadeIn\" data-animation-delay=200><h2 class=\"separator_off\" >Workshops<\/h2><h6 class=\"subtitle\" >Reverate hilft jungen Gr\u00fcndern ihre Ideen weiterzuentwickeln und umzusetzen. Wir organisieren Brainstorming Workshops, validieren die Ideen und beseitigen zusammen mit dir Zweifel und Hindernisse.<\/h6><\/header>[\/vc_column_inner][vc_column_inner width=&#8221;1\/4&#8243;][\/vc_column_inner][vc_column_inner width=&#8221;1\/4&#8243;][\/vc_column_inner][\/vc_row_inner][\/vc_column][\/vc_row][vc_row full_width=&#8221;stretch_row_content_no_spaces&#8221; css=&#8221;.vc_custom_1539594909573{background-color: #f5f5f5 !important;}&#8221;][vc_column css_animation=&#8221;fadeInLeft&#8221; width=&#8221;1\/2&#8243; css=&#8221;.vc_custom_1598957456844{padding-top: 0px !important;}&#8221; offset=&#8221;vc_col-lg-6 vc_hidden-lg vc_col-md-12 vc_hidden-md&#8221;][vc_row_inner css=&#8221;.vc_custom_1600535385129{padding-top: 200px !important;padding-bottom: 0px !important;background-image: url(https:\/\/reverate.tech\/wp-content\/uploads\/2023\/01\/workshops.jpeg) !important;background-position: center !important;background-repeat: no-repeat !important;background-size: cover !important;}&#8221;][vc_column_inner css=&#8221;.vc_custom_1511789291663{padding-top: 0px !important;padding-bottom: 0px !important;}&#8221;][vc_empty_space height=&#8221;200px&#8221;][\/vc_column_inner][\/vc_row_inner][vc_row_inner css=&#8221;.vc_custom_1598957431664{padding-top: 0px !important;}&#8221;][vc_column_inner width=&#8221;1\/2&#8243; css=&#8221;.vc_custom_1598957138117{margin-top: -50px !important;padding-bottom: 50px !important;}&#8221;]<header class=\"kd-section-title col-lg-12 text-left  kd-animated fadeIn\" data-animation-delay=200><h2 class=\"separator_off\" >Workshops<\/h2><h6 class=\"subtitle\" >Reverate hilft jungen Gr\u00fcndern ihre Ideen weiterzuentwickeln und umzusetzen. Wir organisieren Brainstorming Workshops, validieren die Ideen und beseitigen zusammen mit dir Zweifel und Hindernisse.<\/h6><\/header>[\/vc_column_inner][\/vc_row_inner][\/vc_column][vc_column css_animation=&#8221;fadeInRight&#8221; width=&#8221;1\/2&#8243; offset=&#8221;vc_col-lg-6 vc_col-md-12&#8243;][\/vc_column][\/vc_row][vc_row full_width=&#8221;stretch_row_content_no_spaces&#8221; css=&#8221;.vc_custom_1539595293830{background-color: #f5f5f5 !important;}&#8221;][vc_column css_animation=&#8221;fadeInLeft&#8221; width=&#8221;1\/2&#8243; offset=&#8221;vc_col-lg-6 vc_col-md-12 vc_hidden-sm vc_hidden-xs&#8221;][vc_row_inner css=&#8221;.vc_custom_1599422025443{padding-top: 75px !important;}&#8221;][vc_column_inner width=&#8221;1\/4&#8243; offset=&#8221;vc_hidden-xs&#8221;][\/vc_column_inner][vc_column_inner width=&#8221;1\/4&#8243;][\/vc_column_inner][vc_column_inner width=&#8221;1\/2&#8243; css=&#8221;.vc_custom_1522315555118{padding-bottom: 50px !important;}&#8221;]<header class=\"kd-section-title col-lg-12 text-right  kd-animated fadeIn\" data-animation-delay=200><h2 class=\"separator_off\" >MVP<\/h2><h6 class=\"subtitle\" >Wir entwickeln f\u00fcr dich dein Minimal Viable Product. Das schafft Selbstvertrauen und bietet dir Chance, Tests mit Endkunden durchzuf\u00fchren sowie deine Idee vor Investoren und Inkubatoren zu pr\u00e4sentieren.<\/h6><\/header>[\/vc_column_inner][\/vc_row_inner][\/vc_column][vc_column css_animation=&#8221;fadeInRight&#8221; width=&#8221;1\/2&#8243; css=&#8221;.vc_custom_1598957636018{padding-top: 0px !important;}&#8221; offset=&#8221;vc_col-lg-6 vc_col-md-12 vc_hidden-sm vc_hidden-xs&#8221;][vc_row_inner css=&#8221;.vc_custom_1600535420910{padding-top: 100px !important;padding-bottom: 100px !important;background-image: url(https:\/\/reverate.tech\/wp-content\/uploads\/2023\/01\/mvp.jpeg) !important;background-position: center !important;background-repeat: no-repeat !important;background-size: contain !important;}&#8221; el_class=&#8221;bgimagee&#8221;][vc_column_inner css=&#8221;.vc_custom_1511789291663{padding-top: 0px !important;padding-bottom: 0px !important;}&#8221;][vc_empty_space height=&#8221;200px&#8221;][\/vc_column_inner][\/vc_row_inner][\/vc_column][\/vc_row][vc_row full_width=&#8221;stretch_row_content_no_spaces&#8221; css=&#8221;.vc_custom_1539594909573{background-color: #f5f5f5 !important;}&#8221;][vc_column css_animation=&#8221;fadeInLeft&#8221; width=&#8221;1\/2&#8243; css=&#8221;.vc_custom_1598957456844{padding-top: 0px !important;}&#8221; offset=&#8221;vc_col-lg-6 vc_hidden-lg vc_col-md-12 vc_hidden-md&#8221;][vc_row_inner css=&#8221;.vc_custom_1600535430934{padding-top: 200px !important;padding-bottom: 0px !important;background-image: url(https:\/\/reverate.tech\/wp-content\/uploads\/2023\/01\/mvp.jpeg) !important;background-position: center !important;background-repeat: no-repeat !important;background-size: cover !important;}&#8221;][vc_column_inner css=&#8221;.vc_custom_1511789291663{padding-top: 0px !important;padding-bottom: 0px !important;}&#8221;][vc_empty_space height=&#8221;200px&#8221;][\/vc_column_inner][\/vc_row_inner][vc_row_inner css=&#8221;.vc_custom_1598957431664{padding-top: 0px !important;}&#8221;][vc_column_inner width=&#8221;1\/2&#8243; css=&#8221;.vc_custom_1598957138117{margin-top: -50px !important;padding-bottom: 50px !important;}&#8221;]<header class=\"kd-section-title col-lg-12 text-left  kd-animated fadeIn\" data-animation-delay=200><h2 class=\"separator_off\" >MVP<\/h2><h6 class=\"subtitle\" >Wir entwickeln f\u00fcr dich dein Minimal Viable Product. Das schafft Selbstvertrauen und bietet dir Chance, Tests mit Endkunden durchzuf\u00fchren sowie deine Idee vor Investoren und Inkubatoren zu pr\u00e4sentieren.<\/h6><\/header>[\/vc_column_inner][\/vc_row_inner][\/vc_column][vc_column css_animation=&#8221;fadeInRight&#8221; width=&#8221;1\/2&#8243; offset=&#8221;vc_col-lg-6 vc_col-md-12&#8243;][\/vc_column][\/vc_row][vc_row full_width=&#8221;stretch_row_content_no_spaces&#8221; css=&#8221;.vc_custom_1539594909573{background-color: #f5f5f5 !important;}&#8221;][vc_column css_animation=&#8221;fadeInLeft&#8221; width=&#8221;1\/2&#8243; css=&#8221;.vc_custom_1598957772562{padding-top: 0px !important;}&#8221; offset=&#8221;vc_col-lg-6 vc_col-md-12 vc_hidden-sm vc_hidden-xs&#8221;][vc_row_inner css=&#8221;.vc_custom_1600535461722{padding-top: 100px !important;padding-bottom: 100px !important;background-image: url(https:\/\/reverate.tech\/wp-content\/uploads\/2023\/01\/network.jpeg) !important;background-position: center !important;background-repeat: no-repeat !important;background-size: contain !important;}&#8221; el_class=&#8221;bgimagee&#8221;][vc_column_inner css=&#8221;.vc_custom_1511789291663{padding-top: 0px !important;padding-bottom: 0px !important;}&#8221;][vc_empty_space height=&#8221;200px&#8221;][\/vc_column_inner][\/vc_row_inner][\/vc_column][vc_column css_animation=&#8221;fadeInRight&#8221; width=&#8221;1\/2&#8243; offset=&#8221;vc_col-lg-6 vc_col-md-12 vc_hidden-sm vc_hidden-xs&#8221;][vc_row_inner css=&#8221;.vc_custom_1599422052031{padding-top: 75px !important;}&#8221;][vc_column_inner width=&#8221;1\/2&#8243; css=&#8221;.vc_custom_1522315135741{padding-bottom: 50px !important;}&#8221;]<header class=\"kd-section-title col-lg-12 text-left  kd-animated fadeIn\" data-animation-delay=200><h2 class=\"separator_off\" >Netzwerk<\/h2><h6 class=\"subtitle\" >Reverate is building a startup community that includes investors, VC\u2019s, incubators with the aim to connect the dots and grow this community.<\/h6><\/header>[\/vc_column_inner][vc_column_inner width=&#8221;1\/4&#8243;][\/vc_column_inner][\/vc_row_inner][\/vc_column][\/vc_row][vc_row full_width=&#8221;stretch_row_content_no_spaces&#8221; css=&#8221;.vc_custom_1539594909573{background-color: #f5f5f5 !important;}&#8221;][vc_column css_animation=&#8221;fadeInLeft&#8221; width=&#8221;1\/2&#8243; css=&#8221;.vc_custom_1598957456844{padding-top: 0px !important;}&#8221; offset=&#8221;vc_col-lg-6 vc_hidden-lg vc_col-md-12 vc_hidden-md&#8221;][vc_row_inner css=&#8221;.vc_custom_1600535471682{padding-top: 200px !important;padding-bottom: 0px !important;background-image: url(https:\/\/reverate.tech\/wp-content\/uploads\/2023\/01\/network.jpeg) !important;background-position: center !important;background-repeat: no-repeat !important;background-size: cover !important;}&#8221;][vc_column_inner css=&#8221;.vc_custom_1511789291663{padding-top: 0px !important;padding-bottom: 0px !important;}&#8221;][vc_empty_space height=&#8221;200px&#8221;][\/vc_column_inner][\/vc_row_inner][vc_row_inner css=&#8221;.vc_custom_1598957431664{padding-top: 0px !important;}&#8221;][vc_column_inner width=&#8221;1\/2&#8243; css=&#8221;.vc_custom_1598957138117{margin-top: -50px !important;padding-bottom: 50px !important;}&#8221;]<header class=\"kd-section-title col-lg-12 text-left  kd-animated fadeIn\" data-animation-delay=200><h2 class=\"separator_off\" >Netzwerk<\/h2><h6 class=\"subtitle\" >Reverate is building a startup community that includes investors, VC\u2019s, incubators with the aim to connect the dots and grow this community.<\/h6><\/header>[\/vc_column_inner][\/vc_row_inner][\/vc_column][vc_column css_animation=&#8221;fadeInRight&#8221; width=&#8221;1\/2&#8243; offset=&#8221;vc_col-lg-6 vc_col-md-12&#8243;][\/vc_column][\/vc_row][vc_row full_width=&#8221;stretch_row&#8221;][vc_column css=&#8221;.vc_custom_1515686761275{padding-right: 0px !important;padding-left: 0px !important;}&#8221;][vc_empty_space height=&#8221;60px&#8221;][vc_row_inner][vc_column_inner]<header class=\"kd-section-title col-lg-12 text-center  kd-animated fadeIn   vc_custom_1599765196445\" data-animation-delay=200><h2 class=\"separator_off\" ><\/h2><\/header>[\/vc_column_inner][\/vc_row_inner][vc_row_inner css=&#8221;.vc_custom_1536060444089{padding-bottom: 100px !important;}&#8221;][vc_column_inner]<div class=\"slider testimonials black-navigation kd-testimonial-69d3ca8d7c0d3  with-image kd-animated fadeIn\" data-animation-delay=200><div class=\"tt-content\">\n              <div class=\"tt-content-inner\">\n                <div class=\"tt-container\" style=\" background-color: #000000;\">\n                    <h6 style=\" font-size: 18px;\"\">\u201cGreat work from the high performing team! The team at Reverate was very professional, result-driven, and engaged with the project. They were flexible in the execution and managed to accelerate the platform release, keeping top quality, and very fluent communication\u201d<\/h6>\n                    <span class=\"author\" >Pedro Toma\u0301s Becker<\/span>\n                    <span class=\"content\" >CEO, Reparatuauto SpAFT MBA WHU 2020<\/span>\n                <\/div>\n                <div class=\"tt-image\"><img loading=\"lazy\" decoding=\"async\" width=\"1024\" height=\"1024\" src=\"https:\/\/43.205.116.61\/wp-content\/uploads\/2020\/09\/pedro.jpg\" class=\"attachment-full\" alt=\"\" srcset=\"https:\/\/43.205.116.61\/wp-content\/uploads\/2020\/09\/pedro.jpg 1024w, https:\/\/43.205.116.61\/wp-content\/uploads\/2020\/09\/pedro-300x300.jpg 300w, https:\/\/43.205.116.61\/wp-content\/uploads\/2020\/09\/pedro-150x150.jpg 150w, https:\/\/43.205.116.61\/wp-content\/uploads\/2020\/09\/pedro-768x768.jpg 768w, https:\/\/43.205.116.61\/wp-content\/uploads\/2020\/09\/pedro-320x320.jpg 320w\" sizes=\"(max-width: 1024px) 100vw, 1024px\" \/><\/div>\n                <\/div>\n            <\/div><\/div><script type=\"text\/javascript\">\n              jQuery(document).ready(function($){\n                if ($(\".slider.testimonials.kd-testimonial-69d3ca8d7c0d3\").length) {\n                  $(\".slider.testimonials.kd-testimonial-69d3ca8d7c0d3\").owlCarousel({\n                    stageClass: \"owl-wrapper\",\n                    stageOuterClass: \"owl-wrapper-outer\",\n                    loadedClass: \"owl-carousel\",\n                    responsive:{\n                        0:{\n                            dots: false,\n                            nav: true,\n                            navSpeed: 500,\n                        },\n                        960:{nav: true,\n                              navSpeed: 500,\n                              dots: false,}\n                    },\n                    items: 1,\n                    rewind: true,\n                    loop: true,autoplay: false,autoplayHoverPause: false,\n                  });\n                }\n              });\n            <\/script>[\/vc_column_inner][\/vc_row_inner][\/vc_column][\/vc_row][vc_row full_width=&#8221;stretch_row_content_no_spaces&#8221; css=&#8221;.vc_custom_1598954533680{background: #1a1a1a url(https:\/\/www.ekko-wp.com\/static\/wp-content\/uploads\/sites\/3\/2018\/10\/parallax.jpg?id=) !important;}&#8221;][vc_column][vc_row_inner css=&#8221;.vc_custom_1598954634351{padding-top: 100px !important;padding-bottom: 100px !important;}&#8221;][vc_column_inner width=&#8221;1\/4&#8243;][\/vc_column_inner][vc_column_inner width=&#8221;1\/2&#8243;]<header class=\"kd-section-title col-lg-12 text-center  kd-animated fadeIn   vc_custom_1598954485179\" data-animation-delay=200><h2 class=\"separator_off\" style=\"color: #ffffff;\">Beginnen Sie ihre digitale Transformation noch heute!<\/h2><\/header><a  href=\"http:\/\/43.205.116.61\/de\/start-your-project\/\"  target=\"_self\"  title=\"Projekt starten\" class=\"tt_button tt_primary_button btn_primary_color  button-center button-action-link  kd-animated zoomIn\" data-animation-delay=200><span class=\"prim_text\">Projekt starten<\/span><\/a>[\/vc_column_inner][vc_column_inner width=&#8221;1\/4&#8243;][\/vc_column_inner][\/vc_row_inner][\/vc_column][\/vc_row]<\/p>","protected":false},"excerpt":{"rendered":"<p>[vc_row full_width=&#8221;stretch_row&#8221; full_height=&#8221;yes&#8221; kd_image_overlay_color=&#8221;rgba(0,0,0,0.65)&#8221; kd_fixed_background=&#8221;true&#8221; kd_image_overlay=&#8221;true&#8221; css=&#8221;.vc_custom_1600535248143{margin-right: 15px !important;padding-top: 200px !important;padding-bottom: 150px !important;background-image: url(https:\/\/reverate.tech\/wp-content\/uploads\/2023\/01\/young-teams.jpeg) !important;}&#8221;][vc_column width=&#8221;1\/2&#8243; offset=&#8221;vc_col-lg-6 vc_col-md-12&#8243;][vc_empty_space height=&#8221;50px&#8221;][vc_empty_space height=&#8221;10px&#8221;][\/vc_column][\/vc_row][vc_row [&hellip;]<\/p>","protected":false},"author":1,"featured_media":0,"parent":0,"menu_order":0,"comment_status":"closed","ping_status":"closed","template":"","meta":{"footnotes":""},"_links":{"self":[{"href":"http:\/\/43.205.116.61\/de\/wp-json\/wp\/v2\/pages\/7458"}],"collection":[{"href":"http:\/\/43.205.116.61\/de\/wp-json\/wp\/v2\/pages"}],"about":[{"href":"http:\/\/43.205.116.61\/de\/wp-json\/wp\/v2\/types\/page"}],"author":[{"embeddable":true,"href":"http:\/\/43.205.116.61\/de\/wp-json\/wp\/v2\/users\/1"}],"replies":[{"embeddable":true,"href":"http:\/\/43.205.116.61\/de\/wp-json\/wp\/v2\/comments?post=7458"}],"version-history":[{"count":73,"href":"http:\/\/43.205.116.61\/de\/wp-json\/wp\/v2\/pages\/7458\/revisions"}],"predecessor-version":[{"id":8324,"href":"http:\/\/43.205.116.61\/de\/wp-json\/wp\/v2\/pages\/7458\/revisions\/8324"}],"wp:attachment":[{"href":"http:\/\/43.205.116.61\/de\/wp-json\/wp\/v2\/media?parent=7458"}],"curies":[{"name":"wp","href":"https:\/\/api.w.org\/{rel}","templated":true}]}}